{"id":201,"date":"2019-03-07T14:24:58","date_gmt":"2019-03-07T13:24:58","guid":{"rendered":"http:\/\/www.acticap.fr\/?page_id=201"},"modified":"2020-10-30T13:41:44","modified_gmt":"2020-10-30T12:41:44","slug":"la-domiciliation","status":"publish","type":"page","link":"https:\/\/www.centreaffairesacticap.fr\/index.php\/la-domiciliation\/","title":{"rendered":"La domiciliation"},"content":{"rendered":"<p><span style=\"color: #000000;\">La <strong data-cpid=\"cp_node_2\">domiciliation d\u2019une entreprise<\/strong>\u00a0correspond tout simplement \u00e0\u00a0<strong data-cpid=\"cp_node_3\">son adresse fiscale et juridique.<\/strong><\/span><\/p>\n<p><span style=\"color: #000000;\">Cette adresse administrative, que l\u2019on qualifie plus commun\u00e9ment de <strong>\u00ab si\u00e8ge social \u00bb<\/strong> (\u00e0 l\u2019exception des entreprises individuelles) permet d\u2019identifier l\u2019entreprise et de d\u00e9terminer sa nationalit\u00e9.<\/span><\/p>\n<p><span style=\"color: #000000;\">Cette derni\u00e8re, qui peut diff\u00e9rer du lieu d\u2019exercice effectif de l\u2019activit\u00e9, <strong data-cpid=\"cp_node_6\">doit obligatoirement appara\u00eetre sur les documents officiels \u00e9dit\u00e9s par l\u2019entreprise. <\/strong>Donc, cela vaut donc pour\u00a0les devis, les factures, les catalogues commerciaux, les flyers ou encore le site internet.<\/span><\/p>\n<hr \/>\n<div class=\"wp-block-image\">\u00a0<\/div>\n<h2 class=\"\"><span style=\"color: #000000;\">Une adresse pour installer son entreprise<\/span><\/h2>\n<p class=\"\"><span style=\"color: #000000;\">Que diriez-vous d&rsquo;\u00e9tablir votre<strong> si\u00e8ge social<\/strong> chez <a href=\"https:\/\/www.centreaffairesacticap.fr\/\">Acti\u2019Cap<\/a> ? Utilisez une adresse de renom en domiciliant votre entreprise dans nos locaux de <a href=\"https:\/\/www.centreaffairesacticap.fr\/index.php\/centre-daffaires-de-chalon-sur-saone\/\">Chalon-Sur-Sa\u00f4ne<\/a> ou <a href=\"https:\/\/www.centreaffairesacticap.fr\/index.php\/centre-daffaires-auxerre\/\">Auxerre<\/a>. Ainsi, plus besoin d\u2019investir dans un bail commercial co\u00fbteux et contraignant !<\/span><\/p>\n<p class=\"\"><br \/><span style=\"color: #000000;\">Nous accueillons vos visiteurs, r\u00e9ceptionnons et r\u00e9exp\u00e9dions votre courrier ! <\/span><\/p>\n<blockquote>\n<h4><span style=\"color: #000000;\"><strong>C&rsquo;est la\u00a0solution id\u00e9ale pour les ind\u00e9pendants ou les petites entreprises<\/strong>. <\/span><\/h4>\n<\/blockquote>\n<p class=\"\"><span style=\"color: #ffffff;\"><span style=\"color: #000000;\">Vous pouvez opter aussi pour la <strong>domiciliation juridique<\/strong> pour votre soci\u00e9t\u00e9 au sens du code des imp\u00f4ts.<\/span> <\/span><\/p>\n\n\n<p><\/p>\n","protected":false},"excerpt":{"rendered":"<p>La domiciliation d\u2019une entreprise\u00a0correspond tout simplement \u00e0\u00a0son adresse fiscale et juridique. Cette adresse administrative, que l\u2019on qualifie plus commun\u00e9ment de \u00ab si\u00e8ge social \u00bb (\u00e0 l\u2019exception des entreprises individuelles) permet d\u2019identifier l\u2019entreprise et de d\u00e9terminer sa nationalit\u00e9. Cette derni\u00e8re, qui peut diff\u00e9rer du lieu d\u2019exercice effectif de l\u2019activit\u00e9, doit obligatoirement appara\u00eetre sur les documents officiels&hellip; <br \/> <a class=\"button small blue\" href=\"https:\/\/www.centreaffairesacticap.fr\/index.php\/la-domiciliation\/\">Lire la suite<\/a><\/p>\n","protected":false},"author":1,"featured_media":203,"parent":0,"menu_order":0,"comment_status":"closed","ping_status":"closed","template":"page-with-left-sidebar.php","meta":[],"yoast_head":"<!-- This site is optimized with the Yoast SEO plugin v15.2 - https:\/\/yoast.com\/wordpress\/plugins\/seo\/ -->\n<title>Domiciliation d&#039;entreprise | Acti&#039;Cap | Chalon-sur-Sa\u00f4ne, Auxerre<\/title>\n<meta name=\"description\" content=\"Acti&#039;Cap vous propose une solution de domiciliation d&#039;entreprise \u00e0 Auxerre ou Chalon-Sur-Sa\u00f4ne. Venez nous rencontrer et louez nos locaux !\" \/>\n<meta name=\"robots\" content=\"index, follow, max-snippet:-1, max-image-preview:large, max-video-preview:-1\" \/>\n<link rel=\"canonical\" href=\"https:\/\/www.centreaffairesacticap.fr\/index.php\/la-domiciliation\/\" \/>\n<meta property=\"og:locale\" content=\"fr_FR\" \/>\n<meta property=\"og:type\" content=\"article\" \/>\n<meta property=\"og:title\" content=\"Domiciliation d&#039;entreprise | Acti&#039;Cap | Chalon-sur-Sa\u00f4ne, Auxerre\" \/>\n<meta property=\"og:description\" content=\"Acti&#039;Cap vous propose une solution de domiciliation d&#039;entreprise \u00e0 Auxerre ou Chalon-Sur-Sa\u00f4ne. Venez nous rencontrer et louez nos locaux !\" \/>\n<meta property=\"og:url\" content=\"https:\/\/www.centreaffairesacticap.fr\/index.php\/la-domiciliation\/\" \/>\n<meta property=\"og:site_name\" content=\"Acti&#039;Cap | Location bureau | Salle de r\u00e9union | Chalon, Auxerre, Pontarlier\" \/>\n<meta property=\"article:modified_time\" content=\"2020-10-30T12:41:44+00:00\" \/>\n<meta property=\"og:image\" content=\"https:\/\/www.centreaffairesacticap.fr\/wp-content\/uploads\/2019\/03\/boite-aux-lettres.jpg\" \/>\n\t<meta property=\"og:image:width\" content=\"640\" \/>\n\t<meta property=\"og:image:height\" content=\"390\" \/>\n<meta name=\"twitter:card\" content=\"summary_large_image\" \/>\n<meta name=\"twitter:label1\" value=\"\u00c9crit par\">\n\t<meta name=\"twitter:data1\" value=\"admin6872\">\n\t<meta name=\"twitter:label2\" value=\"Dur\u00e9e de lecture est.\">\n\t<meta name=\"twitter:data2\" value=\"1 minute\">\n<script type=\"application\/ld+json\" class=\"yoast-schema-graph\">{\"@context\":\"https:\/\/schema.org\",\"@graph\":[{\"@type\":\"WebSite\",\"@id\":\"https:\/\/www.centreaffairesacticap.fr\/#website\",\"url\":\"https:\/\/www.centreaffairesacticap.fr\/\",\"name\":\"Acti&#039;Cap | Location bureau | Salle de r\\u00e9union | Chalon, Auxerre, Pontarlier\",\"description\":\"Centre d&#039;affaires et espace de coworking, location bureaux, salle de r\\u00e9union\",\"potentialAction\":[{\"@type\":\"SearchAction\",\"target\":\"https:\/\/www.centreaffairesacticap.fr\/?s={search_term_string}\",\"query-input\":\"required name=search_term_string\"}],\"inLanguage\":\"fr-FR\"},{\"@type\":\"ImageObject\",\"@id\":\"https:\/\/www.centreaffairesacticap.fr\/index.php\/la-domiciliation\/#primaryimage\",\"inLanguage\":\"fr-FR\",\"url\":\"https:\/\/www.centreaffairesacticap.fr\/wp-content\/uploads\/2019\/03\/boite-aux-lettres.jpg\",\"width\":640,\"height\":390,\"caption\":\"Bo\\u00eete aux lettres\"},{\"@type\":\"WebPage\",\"@id\":\"https:\/\/www.centreaffairesacticap.fr\/index.php\/la-domiciliation\/#webpage\",\"url\":\"https:\/\/www.centreaffairesacticap.fr\/index.php\/la-domiciliation\/\",\"name\":\"Domiciliation d'entreprise | Acti'Cap | Chalon-sur-Sa\\u00f4ne, Auxerre\",\"isPartOf\":{\"@id\":\"https:\/\/www.centreaffairesacticap.fr\/#website\"},\"primaryImageOfPage\":{\"@id\":\"https:\/\/www.centreaffairesacticap.fr\/index.php\/la-domiciliation\/#primaryimage\"},\"datePublished\":\"2019-03-07T13:24:58+00:00\",\"dateModified\":\"2020-10-30T12:41:44+00:00\",\"description\":\"Acti'Cap vous propose une solution de domiciliation d'entreprise \\u00e0 Auxerre ou Chalon-Sur-Sa\\u00f4ne. Venez nous rencontrer et louez nos locaux !\",\"inLanguage\":\"fr-FR\",\"potentialAction\":[{\"@type\":\"ReadAction\",\"target\":[\"https:\/\/www.centreaffairesacticap.fr\/index.php\/la-domiciliation\/\"]}]}]}<\/script>\n<!-- \/ Yoast SEO plugin. -->","_links":{"self":[{"href":"https:\/\/www.centreaffairesacticap.fr\/index.php\/wp-json\/wp\/v2\/pages\/201"}],"collection":[{"href":"https:\/\/www.centreaffairesacticap.fr\/index.php\/wp-json\/wp\/v2\/pages"}],"about":[{"href":"https:\/\/www.centreaffairesacticap.fr\/index.php\/wp-json\/wp\/v2\/types\/page"}],"author":[{"embeddable":true,"href":"https:\/\/www.centreaffairesacticap.fr\/index.php\/wp-json\/wp\/v2\/users\/1"}],"replies":[{"embeddable":true,"href":"https:\/\/www.centreaffairesacticap.fr\/index.php\/wp-json\/wp\/v2\/comments?post=201"}],"version-history":[{"count":22,"href":"https:\/\/www.centreaffairesacticap.fr\/index.php\/wp-json\/wp\/v2\/pages\/201\/revisions"}],"predecessor-version":[{"id":612,"href":"https:\/\/www.centreaffairesacticap.fr\/index.php\/wp-json\/wp\/v2\/pages\/201\/revisions\/612"}],"wp:featuredmedia":[{"embeddable":true,"href":"https:\/\/www.centreaffairesacticap.fr\/index.php\/wp-json\/wp\/v2\/media\/203"}],"wp:attachment":[{"href":"https:\/\/www.centreaffairesacticap.fr\/index.php\/wp-json\/wp\/v2\/media?parent=201"}],"curies":[{"name":"wp","href":"https:\/\/api.w.org\/{rel}","templated":true}]}}