{"id":180,"date":"2019-03-07T12:30:58","date_gmt":"2019-03-07T11:30:58","guid":{"rendered":"http:\/\/www.acticap.fr\/?page_id=180"},"modified":"2024-02-27T15:51:25","modified_gmt":"2024-02-27T14:51:25","slug":"location-de-bureaux-equipes","status":"publish","type":"page","link":"https:\/\/www.centreaffairesacticap.fr\/index.php\/location-de-bureaux-equipes\/","title":{"rendered":"Location de bureaux \u00e9quip\u00e9s"},"content":{"rendered":"\n<p><span style=\"color: #000000;\">Que ce soit \u00e0\u00a0 <a href=\"https:\/\/www.centreaffairesacticap.fr\/index.php\/centre-daffaires-de-chalon-sur-saone\/\"><strong>Chalon-Sur-Sa\u00f4ne<\/strong><\/a> \u00e0 <a href=\"https:\/\/www.centreaffairesacticap.fr\/index.php\/centre-daffaires-auxerre\/\"><strong>Auxerre ou<\/strong><\/a><strong> \u00e0 Pontarlier<\/strong>, nous vous proposons la location de <strong>bureaux \u00e9quip\u00e9s<\/strong> pour votre entreprise. <\/span><\/p>\n\n\n\n<p><span style=\"color: #000000;\">Que vous soyez en phase de cr\u00e9ation ou de d\u00e9veloppement de votre affaire, <a href=\"http:\/\/centreaffairesacticap.fr\">Acti&rsquo;Cap<\/a> vous aide avec sa possibilit\u00e9 de louer des bureaux d\u00e9j\u00e0 tout \u00e9quip\u00e9s !<\/span><\/p>\n\n\n\n<figure class=\"wp-block-image\"><img loading=\"lazy\" width=\"1024\" height=\"683\" src=\"http:\/\/www.acticap.fr\/wp-content\/uploads\/2019\/02\/23032018-IMG_9130-1024x683.jpg\" alt=\"Location des bureaux \u00e9quip\u00e9s d'Acti'Cap\" class=\"wp-image-87\" srcset=\"https:\/\/www.centreaffairesacticap.fr\/wp-content\/uploads\/2019\/02\/23032018-IMG_9130-1024x683.jpg 1024w, https:\/\/www.centreaffairesacticap.fr\/wp-content\/uploads\/2019\/02\/23032018-IMG_9130-300x200.jpg 300w, https:\/\/www.centreaffairesacticap.fr\/wp-content\/uploads\/2019\/02\/23032018-IMG_9130-768x512.jpg 768w, https:\/\/www.centreaffairesacticap.fr\/wp-content\/uploads\/2019\/02\/23032018-IMG_9130-1620x1080.jpg 1620w\" sizes=\"(max-width: 1024px) 100vw, 1024px\" \/><\/figure>\n\n\n\n<div class=\"wp-block-image\">\n<figure class=\"aligncenter is-resized\"><span style=\"color: #000000;\"><\/span><\/figure>\n<\/div>\n\n\n\n<h2><span style=\"color: #000000;\">Les avantages \u00e0 louer des bureaux \u00e0 Acti\u2019Cap ?<\/span><\/h2>\n\n\n\n<p><span style=\"color: #000000;\">Pour bien travailler, vous trouverez des <strong>bureaux \u00e9quip\u00e9s de 15 m2<\/strong> avec tout le mobilier n\u00e9cessaire et une connexion internet.<\/span><br><span style=\"color: #000000;\">A la journ\u00e9e, \u00e0 la semaine, au mois ou sur une dur\u00e9e plus longue, Acti\u2019Cap vous propose des <strong>solutions flexibles <\/strong>sur la location&nbsp;et \u00e0 la carte pour r\u00e9pondre \u00e0 vos attentes et besoins de derni\u00e8re minute.<\/span><\/p>\n\n\n\n<p><span style=\"color: #000000;\">Plus de bail car c\u2019est vous qui choisissiez la dur\u00e9e, plus de gestion de bureau, plus de m\u00e9nage, plus de contrat internet\u2026 <strong>tout est compris dans notre offre !<\/strong><\/span><\/p>\n\n\n\n<hr class=\"wp-block-separator\"\/>\n\n\n\n<h2><span style=\"color: #000000;\">Les services de la location<\/span> :<\/h2>\n\n\n\n<p><span style=\"color: #000000;\">&#8211; Acc\u00e8s internet illimit\u00e9 haut d\u00e9bit\u00a0<br><\/span><br><span style=\"color: #000000;\">&#8211; TV \u00e9cran plat, paperboard<br><\/span><br><span style=\"color: #000000;\">&#8211; Formule de restauration \u00e0 la carte<br><\/span><br>&#8211; Organisation de petit-d\u00e9jeuner <br><br><span style=\"color: #000000;\">&#8211; Espace d\u00e9tente\u00a0\u00a0<br><br>&#8211; Facile d&rsquo;acc\u00e8s<\/span><\/p>\n\n\n\n<p>&#8211; Stationnement facile<br><br>&#8211; M\u00e9nage compris<\/p>\n","protected":false},"excerpt":{"rendered":"<p>Que ce soit \u00e0\u00a0 Chalon-Sur-Sa\u00f4ne \u00e0 Auxerre ou \u00e0 Pontarlier, nous vous proposons la location de bureaux \u00e9quip\u00e9s pour votre entreprise. Que vous soyez en phase de cr\u00e9ation ou de d\u00e9veloppement de votre affaire, Acti&rsquo;Cap vous aide avec sa possibilit\u00e9 de louer des bureaux d\u00e9j\u00e0 tout \u00e9quip\u00e9s ! Les avantages \u00e0 louer des bureaux \u00e0&hellip; <br \/> <a class=\"button small blue\" href=\"https:\/\/www.centreaffairesacticap.fr\/index.php\/location-de-bureaux-equipes\/\">Lire la suite<\/a><\/p>\n","protected":false},"author":1,"featured_media":87,"parent":0,"menu_order":0,"comment_status":"closed","ping_status":"closed","template":"page-with-left-sidebar.php","meta":[],"yoast_head":"<!-- This site is optimized with the Yoast SEO plugin v15.2 - https:\/\/yoast.com\/wordpress\/plugins\/seo\/ -->\n<title>Location de bureaux \u00e9quip\u00e9s | Acti&#039;Cap | Chalon | Auxerre<\/title>\n<meta name=\"description\" content=\"Acti&#039;Cap met en location ses bureaux d\u00e9j\u00e0 \u00e9quip\u00e9s pour votre activit\u00e9 professionnelle ! Disponible \u00e0 Chalon et \u00e0 Auxerre !\" \/>\n<meta name=\"robots\" content=\"index, follow, max-snippet:-1, max-image-preview:large, max-video-preview:-1\" \/>\n<link rel=\"canonical\" href=\"https:\/\/www.centreaffairesacticap.fr\/index.php\/location-de-bureaux-equipes\/\" \/>\n<meta property=\"og:locale\" content=\"fr_FR\" \/>\n<meta property=\"og:type\" content=\"article\" \/>\n<meta property=\"og:title\" content=\"Location de bureaux \u00e9quip\u00e9s | Acti&#039;Cap | Chalon | Auxerre\" \/>\n<meta property=\"og:description\" content=\"Acti&#039;Cap met en location ses bureaux d\u00e9j\u00e0 \u00e9quip\u00e9s pour votre activit\u00e9 professionnelle ! Disponible \u00e0 Chalon et \u00e0 Auxerre !\" \/>\n<meta property=\"og:url\" content=\"https:\/\/www.centreaffairesacticap.fr\/index.php\/location-de-bureaux-equipes\/\" \/>\n<meta property=\"og:site_name\" content=\"Acti&#039;Cap | Location bureau | Salle de r\u00e9union | Chalon, Auxerre, Pontarlier\" \/>\n<meta property=\"article:modified_time\" content=\"2024-02-27T14:51:25+00:00\" \/>\n<meta property=\"og:image\" content=\"https:\/\/www.centreaffairesacticap.fr\/wp-content\/uploads\/2019\/02\/23032018-IMG_9130.jpg\" \/>\n\t<meta property=\"og:image:width\" content=\"4032\" \/>\n\t<meta property=\"og:image:height\" content=\"2688\" \/>\n<meta name=\"twitter:card\" content=\"summary_large_image\" \/>\n<meta name=\"twitter:label1\" value=\"\u00c9crit par\">\n\t<meta name=\"twitter:data1\" value=\"admin6872\">\n\t<meta name=\"twitter:label2\" value=\"Dur\u00e9e de lecture est.\">\n\t<meta name=\"twitter:data2\" value=\"1 minute\">\n<script type=\"application\/ld+json\" class=\"yoast-schema-graph\">{\"@context\":\"https:\/\/schema.org\",\"@graph\":[{\"@type\":\"WebSite\",\"@id\":\"https:\/\/www.centreaffairesacticap.fr\/#website\",\"url\":\"https:\/\/www.centreaffairesacticap.fr\/\",\"name\":\"Acti&#039;Cap | Location bureau | Salle de r\\u00e9union | Chalon, Auxerre, Pontarlier\",\"description\":\"Centre d&#039;affaires et espace de coworking, location bureaux, salle de r\\u00e9union\",\"potentialAction\":[{\"@type\":\"SearchAction\",\"target\":\"https:\/\/www.centreaffairesacticap.fr\/?s={search_term_string}\",\"query-input\":\"required name=search_term_string\"}],\"inLanguage\":\"fr-FR\"},{\"@type\":\"ImageObject\",\"@id\":\"https:\/\/www.centreaffairesacticap.fr\/index.php\/location-de-bureaux-equipes\/#primaryimage\",\"inLanguage\":\"fr-FR\",\"url\":\"https:\/\/www.centreaffairesacticap.fr\/wp-content\/uploads\/2019\/02\/23032018-IMG_9130.jpg\",\"width\":4032,\"height\":2688},{\"@type\":\"WebPage\",\"@id\":\"https:\/\/www.centreaffairesacticap.fr\/index.php\/location-de-bureaux-equipes\/#webpage\",\"url\":\"https:\/\/www.centreaffairesacticap.fr\/index.php\/location-de-bureaux-equipes\/\",\"name\":\"Location de bureaux \\u00e9quip\\u00e9s | Acti'Cap | Chalon | Auxerre\",\"isPartOf\":{\"@id\":\"https:\/\/www.centreaffairesacticap.fr\/#website\"},\"primaryImageOfPage\":{\"@id\":\"https:\/\/www.centreaffairesacticap.fr\/index.php\/location-de-bureaux-equipes\/#primaryimage\"},\"datePublished\":\"2019-03-07T11:30:58+00:00\",\"dateModified\":\"2024-02-27T14:51:25+00:00\",\"description\":\"Acti'Cap met en location ses bureaux d\\u00e9j\\u00e0 \\u00e9quip\\u00e9s pour votre activit\\u00e9 professionnelle ! Disponible \\u00e0 Chalon et \\u00e0 Auxerre !\",\"inLanguage\":\"fr-FR\",\"potentialAction\":[{\"@type\":\"ReadAction\",\"target\":[\"https:\/\/www.centreaffairesacticap.fr\/index.php\/location-de-bureaux-equipes\/\"]}]}]}<\/script>\n<!-- \/ Yoast SEO plugin. -->","_links":{"self":[{"href":"https:\/\/www.centreaffairesacticap.fr\/index.php\/wp-json\/wp\/v2\/pages\/180"}],"collection":[{"href":"https:\/\/www.centreaffairesacticap.fr\/index.php\/wp-json\/wp\/v2\/pages"}],"about":[{"href":"https:\/\/www.centreaffairesacticap.fr\/index.php\/wp-json\/wp\/v2\/types\/page"}],"author":[{"embeddable":true,"href":"https:\/\/www.centreaffairesacticap.fr\/index.php\/wp-json\/wp\/v2\/users\/1"}],"replies":[{"embeddable":true,"href":"https:\/\/www.centreaffairesacticap.fr\/index.php\/wp-json\/wp\/v2\/comments?post=180"}],"version-history":[{"count":16,"href":"https:\/\/www.centreaffairesacticap.fr\/index.php\/wp-json\/wp\/v2\/pages\/180\/revisions"}],"predecessor-version":[{"id":736,"href":"https:\/\/www.centreaffairesacticap.fr\/index.php\/wp-json\/wp\/v2\/pages\/180\/revisions\/736"}],"wp:featuredmedia":[{"embeddable":true,"href":"https:\/\/www.centreaffairesacticap.fr\/index.php\/wp-json\/wp\/v2\/media\/87"}],"wp:attachment":[{"href":"https:\/\/www.centreaffairesacticap.fr\/index.php\/wp-json\/wp\/v2\/media?parent=180"}],"curies":[{"name":"wp","href":"https:\/\/api.w.org\/{rel}","templated":true}]}}